{"id":9,"date":"2024-10-12T23:28:05","date_gmt":"2024-10-12T23:28:05","guid":{"rendered":"https:\/\/sydneyprespa.axessdata.se\/?page_id=9"},"modified":"2024-10-13T03:54:13","modified_gmt":"2024-10-13T03:54:13","slug":"services","status":"publish","type":"page","link":"https:\/\/sydneyprespa.axessdata.se\/?page_id=9","title":{"rendered":"Service"},"content":{"rendered":"\n<div class=\"wp-block-group alignfull six-services has-gray-background-color has-background is-layout-constrained wp-container-core-group-is-layout-0929ba60 wp-block-group-is-layout-constrained\" style=\"margin-top:0;margin-bottom:var(--wp--preset--spacing--xx-large);padding-top:var(--wp--preset--spacing--medium);padding-right:0;padding-bottom:var(--wp--preset--spacing--medium);padding-left:0\">\n<div style=\"height:1rem\" aria-hidden=\"true\" class=\"wp-block-spacer\"><\/div>\n\n\n\n<p class=\"has-text-align-center p-animation-text-moveUp\">Service<\/p>\n\n\n\n<h2 class=\"wp-block-heading has-text-align-center p-animation-text-moveUp\">L\u00f6sningarna Vi Erbjuder<\/h2>\n\n\n\n<p class=\"has-text-align-center p-animation-text-moveUp\">Att bygga en p\u00e5litlig programvara \u00e4r inte ett eng\u00e5ngs uppdrag. Det kr\u00e4ver rutn\u00e4t och motst\u00e5ndskraft.<\/p>\n\n\n\n<div class=\"wp-block-columns p-animation-text-moveUp is-layout-flex wp-container-core-columns-is-layout-df70c5d9 wp-block-columns-is-layout-flex\" style=\"padding-top:var(--wp--preset--spacing--medium);padding-bottom:var(--wp--preset--spacing--medium)\">\n<div class=\"wp-block-column is-vertically-aligned-center has-white-background-color has-background is-layout-flow wp-block-column-is-layout-flow\" style=\"padding-top:var(--wp--preset--spacing--large);padding-right:var(--wp--preset--spacing--small);padding-bottom:var(--wp--preset--spacing--large);padding-left:var(--wp--preset--spacing--small)\">\n<figure class=\"wp-block-image aligncenter size-full is-resized\"><img decoding=\"async\" src=\"https:\/\/sydneyprespa.axessdata.se\/wp-content\/themes\/prespa\/assets\/img\/patterns\/icons\/user-friendly.svg\" alt=\"\" class=\"wp-image-253\" style=\"width:40px;height:40px\"\/><\/figure>\n\n\n\n<h5 class=\"wp-block-heading has-text-align-center\" style=\"padding-top:var(--wp--preset--spacing--xx-small);letter-spacing:-0.04em;line-height:1.1\">UX \/ UI<\/h5>\n\n\n\n<p class=\"has-text-align-center\">Vitae semper quis lectus. Lacus sed viverra tellus in hac. Senectus et netus et malesuada fames ac turpis.<\/p>\n<\/div>\n\n\n\n<div class=\"wp-block-column is-vertically-aligned-center has-grey-background-color has-white-background-color has-background is-layout-flow wp-block-column-is-layout-flow\" style=\"padding-top:var(--wp--preset--spacing--large);padding-right:var(--wp--preset--spacing--small);padding-bottom:var(--wp--preset--spacing--large);padding-left:var(--wp--preset--spacing--small)\">\n<figure class=\"wp-block-image aligncenter size-full is-resized\"><img decoding=\"async\" src=\"https:\/\/sydneyprespa.axessdata.se\/wp-content\/themes\/prespa\/assets\/img\/patterns\/icons\/collaboration-support.svg\" alt=\"\" class=\"wp-image-254\" style=\"width:40px;height:40px\"\/><\/figure>\n\n\n\n<h5 class=\"wp-block-heading has-text-align-center\" style=\"padding-top:var(--wp--preset--spacing--xx-small);letter-spacing:-0.03em;line-height:1.1\">Forskning &amp; Analys<\/h5>\n\n\n\n<p class=\"has-text-align-center\">Vitae semper quis lectus. Lacus sed viverra tellus in hac. Senectus et netus et malesuada fames ac turpis.<\/p>\n<\/div>\n\n\n\n<div class=\"wp-block-column is-vertically-aligned-center has-white-background-color has-background is-layout-flow wp-block-column-is-layout-flow\" style=\"border-style:none;border-width:0px;padding-top:var(--wp--preset--spacing--large);padding-right:var(--wp--preset--spacing--small);padding-bottom:var(--wp--preset--spacing--large);padding-left:var(--wp--preset--spacing--small)\">\n<figure class=\"wp-block-image aligncenter size-full is-resized\"><img decoding=\"async\" src=\"https:\/\/sydneyprespa.axessdata.se\/wp-content\/themes\/prespa\/assets\/img\/patterns\/icons\/check-square.svg\" alt=\"\" class=\"wp-image-256\" style=\"width:40px;height:40px\"\/><\/figure>\n\n\n\n<h5 class=\"wp-block-heading has-text-align-center\" style=\"padding-top:var(--wp--preset--spacing--xx-small);letter-spacing:-0.03em;line-height:1.1\">Hastighets Optimering<\/h5>\n\n\n\n<p class=\"has-text-align-center\">Vitae semper quis lectus. Lacus sed viverra tellus in hac. Senectus et netus et malesuada fames ac turpis.<\/p>\n<\/div>\n<\/div>\n\n\n\n<div class=\"wp-block-columns p-animation-text-moveUp is-layout-flex wp-container-core-columns-is-layout-c0ed80d6 wp-block-columns-is-layout-flex\" style=\"padding-top:0;padding-bottom:var(--wp--preset--spacing--large)\">\n<div class=\"wp-block-column is-vertically-aligned-center has-white-background-color has-background is-layout-flow wp-block-column-is-layout-flow\" style=\"padding-top:var(--wp--preset--spacing--large);padding-right:var(--wp--preset--spacing--small);padding-bottom:var(--wp--preset--spacing--large);padding-left:var(--wp--preset--spacing--small)\">\n<figure class=\"wp-block-image aligncenter size-full is-resized\"><img decoding=\"async\" src=\"https:\/\/sydneyprespa.axessdata.se\/wp-content\/themes\/prespa\/assets\/img\/patterns\/icons\/user-check.svg\" alt=\"\" class=\"wp-image-253\" style=\"width:40px;height:40px\"\/><\/figure>\n\n\n\n<h5 class=\"wp-block-heading has-text-align-center\" style=\"padding-top:var(--wp--preset--spacing--xx-small);letter-spacing:-0.04em;line-height:1.1\">Varum\u00e4rkes Identitet<\/h5>\n\n\n\n<p class=\"has-text-align-center\">Vitae semper quis lectus. Lacus sed viverra tellus in hac. Senectus et netus et malesuada fames ac turpis.<\/p>\n<\/div>\n\n\n\n<div class=\"wp-block-column is-vertically-aligned-center has-grey-background-color has-white-background-color has-background is-layout-flow wp-block-column-is-layout-flow\" style=\"padding-top:var(--wp--preset--spacing--large);padding-right:var(--wp--preset--spacing--small);padding-bottom:var(--wp--preset--spacing--large);padding-left:var(--wp--preset--spacing--small)\">\n<figure class=\"wp-block-image aligncenter size-full is-resized\"><img decoding=\"async\" src=\"https:\/\/sydneyprespa.axessdata.se\/wp-content\/themes\/prespa\/assets\/img\/patterns\/icons\/code.svg\" alt=\"\" class=\"wp-image-254\" style=\"width:40px;height:40px\"\/><\/figure>\n\n\n\n<h5 class=\"wp-block-heading has-text-align-center\" style=\"padding-top:var(--wp--preset--spacing--xx-small);letter-spacing:-0.03em;line-height:1.1\">Webb Utveckling<\/h5>\n\n\n\n<p class=\"has-text-align-center\">Vitae semper quis lectus. Lacus sed viverra tellus in hac. Senectus et netus et malesuada fames ac turpis.<\/p>\n<\/div>\n\n\n\n<div class=\"wp-block-column is-vertically-aligned-center has-white-background-color has-background is-layout-flow wp-block-column-is-layout-flow\" style=\"border-style:none;border-width:0px;padding-top:var(--wp--preset--spacing--large);padding-right:var(--wp--preset--spacing--small);padding-bottom:var(--wp--preset--spacing--large);padding-left:var(--wp--preset--spacing--small)\">\n<figure class=\"wp-block-image aligncenter size-full is-resized\"><img decoding=\"async\" src=\"https:\/\/sydneyprespa.axessdata.se\/wp-content\/themes\/prespa\/assets\/img\/patterns\/icons\/command.svg\" alt=\"\" class=\"wp-image-256\" style=\"width:40px;height:40px\"\/><\/figure>\n\n\n\n<h5 class=\"wp-block-heading has-text-align-center\" style=\"padding-top:var(--wp--preset--spacing--xx-small);letter-spacing:-0.03em;line-height:1.1\">Projekt Management<\/h5>\n\n\n\n<p class=\"has-text-align-center\">Vitae semper quis lectus. Lacus sed viverra tellus in hac. Senectus et netus et malesuada fames ac turpis.<\/p>\n<\/div>\n<\/div>\n<\/div>\n\n\n\n<div class=\"wp-block-group why-choose-us p-animation-text-moveUp has-surface-background-color has-background is-layout-constrained wp-container-core-group-is-layout-515ed75b wp-block-group-is-layout-constrained\" style=\"padding-top:var(--wp--preset--spacing--large);padding-right:0;padding-bottom:var(--wp--preset--spacing--x-large);padding-left:0\">\n<h2 class=\"wp-block-heading has-text-align-center\">Ta din id\u00e9 till n\u00e4sta niv\u00e5<\/h2>\n\n\n\n<p class=\"has-text-align-center\" style=\"padding-bottom:var(--wp--preset--spacing--small)\">Sl\u00e4pp l\u00f6s kreativitetens kraft<\/p>\n\n\n\n<div class=\"wp-block-columns is-layout-flex wp-container-core-columns-is-layout-010e51cd wp-block-columns-is-layout-flex\">\n<div class=\"wp-block-column is-layout-flow wp-block-column-is-layout-flow\">\n<figure class=\"wp-block-image size-full has-custom-border\"><img decoding=\"async\" src=\"https:\/\/sydneyprespa.axessdata.se\/wp-content\/themes\/prespa\/assets\/img\/patterns\/why-choose-us-1.jpg\" alt=\"\" class=\"wp-image-91\" style=\"border-radius:6px\"\/><\/figure>\n\n\n\n<h3 class=\"wp-block-heading\" style=\"padding-top:var(--wp--preset--spacing--medium);padding-bottom:0;letter-spacing:-0.02em;line-height:1.2\">Vacker webbdesign med modern UI \/ UX<\/h3>\n\n\n\n<p style=\"margin-bottom:var(--wp--preset--spacing--medium)\">Minim recusandae, volutpat magna, class, adipiscing, quo id consectetuer duis anim nisl vehicula in, velit quis magna venenat. Convallis mollit delectus metuc.<\/p>\n\n\n\n<div class=\"wp-block-buttons is-layout-flex wp-block-buttons-is-layout-flex\">\n<div class=\"wp-block-button p-btn-animation-border-move\"><a class=\"wp-block-button__link wp-element-button\" href=\"#\" style=\"padding-top:16px;padding-right:20px;padding-bottom:16px;padding-left:20px\">L\u00e4s Mer<\/a><\/div>\n<\/div>\n<\/div>\n\n\n\n<div class=\"wp-block-column is-layout-flow wp-block-column-is-layout-flow\">\n<h3 class=\"wp-block-heading\" style=\"padding-bottom:0;letter-spacing:-0.02em;line-height:1.2\">Styrka din digitala marknadsf\u00f6rings strategi<\/h3>\n\n\n\n<p style=\"margin-bottom:var(--wp--preset--spacing--medium)\">Minim recusandae, volutpat magna, class, adipiscing, quo id consectetuer duis anim nisl vehicula in, velit quis magna venenat. Convallis mollit delectus metus.<\/p>\n\n\n\n<div class=\"wp-block-buttons is-layout-flex wp-block-buttons-is-layout-flex\" style=\"margin-bottom:var(--wp--preset--spacing--x-large)\">\n<div class=\"wp-block-button p-btn-animation-border-move\"><a class=\"wp-block-button__link wp-element-button\" href=\"#\" style=\"padding-top:16px;padding-right:20px;padding-bottom:16px;padding-left:20px\">L\u00e4s Mer<\/a><\/div>\n<\/div>\n\n\n\n<figure class=\"wp-block-image size-full has-custom-border\"><img decoding=\"async\" src=\"https:\/\/sydneyprespa.axessdata.se\/wp-content\/themes\/prespa\/assets\/img\/patterns\/why-choose-us-2.jpg\" alt=\"\" class=\"wp-image-92\" style=\"border-radius:6px\"\/><\/figure>\n<\/div>\n<\/div>\n<\/div>\n\n\n\n<p><\/p>\n","protected":false},"excerpt":{"rendered":"<p>Service L\u00f6sningarna Vi Erbjuder Att bygga en p\u00e5litlig programvara \u00e4r inte ett eng\u00e5ngs uppdrag. Det&hellip;<\/p>\n","protected":false},"author":1,"featured_media":0,"parent":0,"menu_order":0,"comment_status":"closed","ping_status":"closed","template":"","meta":{"footnotes":""},"class_list":["post-9","page","type-page","status-publish","hentry"],"_links":{"self":[{"href":"https:\/\/sydneyprespa.axessdata.se\/index.php?rest_route=\/wp\/v2\/pages\/9","targetHints":{"allow":["GET"]}}],"collection":[{"href":"https:\/\/sydneyprespa.axessdata.se\/index.php?rest_route=\/wp\/v2\/pages"}],"about":[{"href":"https:\/\/sydneyprespa.axessdata.se\/index.php?rest_route=\/wp\/v2\/types\/page"}],"author":[{"embeddable":true,"href":"https:\/\/sydneyprespa.axessdata.se\/index.php?rest_route=\/wp\/v2\/users\/1"}],"replies":[{"embeddable":true,"href":"https:\/\/sydneyprespa.axessdata.se\/index.php?rest_route=%2Fwp%2Fv2%2Fcomments&post=9"}],"version-history":[{"count":4,"href":"https:\/\/sydneyprespa.axessdata.se\/index.php?rest_route=\/wp\/v2\/pages\/9\/revisions"}],"predecessor-version":[{"id":35,"href":"https:\/\/sydneyprespa.axessdata.se\/index.php?rest_route=\/wp\/v2\/pages\/9\/revisions\/35"}],"wp:attachment":[{"href":"https:\/\/sydneyprespa.axessdata.se\/index.php?rest_route=%2Fwp%2Fv2%2Fmedia&parent=9"}],"curies":[{"name":"wp","href":"https:\/\/api.w.org\/{rel}","templated":true}]}}